{"id":25633,"date":"2025-05-20T11:27:44","date_gmt":"2025-05-20T09:27:44","guid":{"rendered":"https:\/\/www.thebrokernews.ch\/offres-demploi-entreprises-a-vendre\/"},"modified":"2026-01-28T13:16:57","modified_gmt":"2026-01-28T12:16:57","slug":"offres-demploi-entreprises-a-vendre","status":"publish","type":"page","link":"https:\/\/www.thebrokernews.ch\/fr\/offres-demploi-entreprises-a-vendre\/","title":{"rendered":"Offres d&#8217;emploi + entreprises \u00e0 vendre"},"content":{"rendered":"<div class=\"ccfic\"><\/div>\n\n<p><strong>Vous trouverez d\u00e9sormais sur <em>thebrokernews<\/em> les derni\u00e8res offres d&#8217;emploi dans le secteur de l&rsquo;assurance et de la finance. Que vous soyez \u00e0 la recherche d&rsquo;un nouveau d\u00e9fi ou que vous souhaitiez simplement observer le march\u00e9, vous d\u00e9couvrirez ici des emplois cibl\u00e9s pour les professionnels et les cadres. Clairement structur\u00e9es, sp\u00e9cifiques au secteur et directement accessibles. Consultez-le &#8211; cela vaut la peine !   <\/strong><\/p>\n\n<p>Pour plus d&rsquo;informations, veuillez contacter :<em>binci.heeb@thebrokernews.ch.<\/em><\/p>\n\n<figure class=\"wp-block-image size-large\"><img loading=\"lazy\" decoding=\"async\" width=\"651\" height=\"1024\" src=\"https:\/\/www.thebrokernews.ch\/wp-content\/uploads\/2025\/05\/Bildschirmfoto-2025-05-20-um-10.43.24-2-651x1024.png\" alt=\"\" class=\"wp-image-20612\" srcset=\"https:\/\/www.thebrokernews.ch\/wp-content\/uploads\/2025\/05\/Bildschirmfoto-2025-05-20-um-10.43.24-2-651x1024.png 651w, https:\/\/www.thebrokernews.ch\/wp-content\/uploads\/2025\/05\/Bildschirmfoto-2025-05-20-um-10.43.24-2-191x300.png 191w, https:\/\/www.thebrokernews.ch\/wp-content\/uploads\/2025\/05\/Bildschirmfoto-2025-05-20-um-10.43.24-2.png 896w\" sizes=\"auto, (max-width: 651px) 100vw, 651px\" \/><\/figure>\n","protected":false},"excerpt":{"rendered":"<p>Vous trouverez d\u00e9sormais sur thebrokernews les derni\u00e8res offres d&#8217;emploi dans le secteur de l&rsquo;assurance et de la finance. Que vous soyez \u00e0 la recherche d&rsquo;un nouveau d\u00e9fi ou que vous [&hellip;]<\/p>\n","protected":false},"author":2,"featured_media":25634,"parent":0,"menu_order":0,"comment_status":"closed","ping_status":"closed","template":"","meta":{"_acf_changed":false,"inline_featured_image":false,"_price":"","_stock":"","_tribe_ticket_header":"","_tribe_default_ticket_provider":"","_tribe_ticket_capacity":"0","_ticket_start_date":"","_ticket_end_date":"","_tribe_ticket_show_description":"","_tribe_ticket_show_not_going":false,"_tribe_ticket_use_global_stock":"","_tribe_ticket_global_stock_level":"","_global_stock_mode":"","_global_stock_cap":"","_tribe_rsvp_for_event":"","_tribe_ticket_going_count":"","_tribe_ticket_not_going_count":"","_tribe_tickets_list":"[]","_tribe_ticket_has_attendee_info_fields":false,"footnotes":"","_tec_slr_enabled":"","_tec_slr_layout":""},"class_list":["post-25633","page","type-page","status-publish","has-post-thumbnail","hentry"],"acf":[],"ticketed":false,"_links":{"self":[{"href":"https:\/\/www.thebrokernews.ch\/fr\/wp-json\/wp\/v2\/pages\/25633","targetHints":{"allow":["GET"]}}],"collection":[{"href":"https:\/\/www.thebrokernews.ch\/fr\/wp-json\/wp\/v2\/pages"}],"about":[{"href":"https:\/\/www.thebrokernews.ch\/fr\/wp-json\/wp\/v2\/types\/page"}],"author":[{"embeddable":true,"href":"https:\/\/www.thebrokernews.ch\/fr\/wp-json\/wp\/v2\/users\/2"}],"replies":[{"embeddable":true,"href":"https:\/\/www.thebrokernews.ch\/fr\/wp-json\/wp\/v2\/comments?post=25633"}],"version-history":[{"count":1,"href":"https:\/\/www.thebrokernews.ch\/fr\/wp-json\/wp\/v2\/pages\/25633\/revisions"}],"predecessor-version":[{"id":25636,"href":"https:\/\/www.thebrokernews.ch\/fr\/wp-json\/wp\/v2\/pages\/25633\/revisions\/25636"}],"wp:featuredmedia":[{"embeddable":true,"href":"https:\/\/www.thebrokernews.ch\/fr\/wp-json\/wp\/v2\/media\/25634"}],"wp:attachment":[{"href":"https:\/\/www.thebrokernews.ch\/fr\/wp-json\/wp\/v2\/media?parent=25633"}],"curies":[{"name":"wp","href":"https:\/\/api.w.org\/{rel}","templated":true}]}}