{"id":25637,"date":"2021-12-23T11:57:28","date_gmt":"2021-12-23T10:57:28","guid":{"rendered":"https:\/\/www.thebrokernews.ch\/a-propos-de-nous\/"},"modified":"2026-01-28T13:26:05","modified_gmt":"2026-01-28T12:26:05","slug":"a-propos-de-nous","status":"publish","type":"page","link":"https:\/\/www.thebrokernews.ch\/fr\/a-propos-de-nous\/","title":{"rendered":"\u00c0 propos de nous"},"content":{"rendered":"\n<h3 class=\"wp-block-heading has-text-align-center has-medium-font-size\"><br\/><strong>Nous sommes les t\u00eates pensantes derri\u00e8re le magazine en ligne \u00ab\u00a0<em>thebrokernews<\/em>\u00ab\u00a0.<\/strong><\/h3>\n\n<div class=\"wp-block-columns are-vertically-aligned-center mb-0 is-layout-flex wp-container-core-columns-is-layout-28f84493 wp-block-columns-is-layout-flex\">\n<div class=\"wp-block-column is-vertically-aligned-center is-layout-flow wp-block-column-is-layout-flow\"><\/div>\n<\/div>\n\n<div class=\"wp-block-columns are-vertically-aligned-center mb-0 is-layout-flex wp-container-core-columns-is-layout-28f84493 wp-block-columns-is-layout-flex\">\n<div class=\"wp-block-column is-vertically-aligned-center p-md-5 ps-md-0 order-2 order-md-1 is-layout-flow wp-block-column-is-layout-flow\">\n<h3 class=\"wp-block-heading\" id=\"binci-heeb\">Binci Heeb (R\u00e9dactrice en chef\/\u00e9diteur)<\/h3>\n\n\n\n<p id=\"binci-text\">Dans la longue carri\u00e8re de journaliste BR de Binci Heeb, on compte des \u00e9tapes comme la r\u00e9daction en chef de thebroker pendant quatre ans et le rachat de la plateforme. Elle continue \u00e0 la diriger en tant que r\u00e9dactrice en chef et \u00e9ditrice depuis le 1er janvier 2025 et sous le nouveau nom de <em>thebrokernews<\/em>. Auparavant, elle a dirig\u00e9 la r\u00e9daction en ligne de Radio Basel et a \u00e9t\u00e9 cofondatrice et co-r\u00e9dactrice en chef de barfi.ch. Avant cela, elle a travaill\u00e9 en tant que membre du conseil d&rsquo;administration de Drehort AG \u00e0 la production d&rsquo;un documentaire non r\u00e9alis\u00e9 sur la vie d&rsquo;Emil et Niccel Steinberger. Outre sa passion pour les m\u00e9dias, Binci Heeb aime l&rsquo;IA, l&rsquo;art contemporain, les visites de mus\u00e9es et la litt\u00e9rature. Le week-end, on peut la rencontrer en train de faire de longues promenades avec son chien.     <\/p>\n\n\n\n<p>M : binci.heeb@thebrokernews.ch<\/p>\n\n\n\n<p>T. 079-353.08.00<\/p>\n<\/div>\n\n\n\n<div class=\"wp-block-column is-vertically-aligned-center order-1 order-md-2 is-layout-flow wp-block-column-is-layout-flow\">\n<figure class=\"wp-block-image size-large\"><img loading=\"lazy\" decoding=\"async\" width=\"1024\" height=\"560\" src=\"https:\/\/thebrokernews.ch\/wp-content\/uploads\/2022\/02\/binci-heeb-thebroker-1024x560.jpg\" alt=\"\" class=\"wp-image-10343\" srcset=\"https:\/\/www.thebrokernews.ch\/wp-content\/uploads\/2022\/02\/binci-heeb-thebroker-1024x560.jpg 1024w, https:\/\/www.thebrokernews.ch\/wp-content\/uploads\/2022\/02\/binci-heeb-thebroker-300x164.jpg 300w, https:\/\/www.thebrokernews.ch\/wp-content\/uploads\/2022\/02\/binci-heeb-thebroker-768x420.jpg 768w, https:\/\/www.thebrokernews.ch\/wp-content\/uploads\/2022\/02\/binci-heeb-thebroker-1536x840.jpg 1536w, https:\/\/www.thebrokernews.ch\/wp-content\/uploads\/2022\/02\/binci-heeb-thebroker.jpg 2048w\" sizes=\"auto, (max-width: 1024px) 100vw, 1024px\" \/><\/figure>\n<\/div>\n<\/div>\n\n<div class=\"wp-block-columns is-layout-flex wp-container-core-columns-is-layout-28f84493 wp-block-columns-is-layout-flex\">\n<div class=\"wp-block-column is-vertically-aligned-center is-layout-flow wp-block-column-is-layout-flow\">\n<figure class=\"wp-block-image size-large\"><img loading=\"lazy\" decoding=\"async\" width=\"1024\" height=\"682\" src=\"https:\/\/www.thebrokernews.ch\/wp-content\/uploads\/2026\/01\/26_06_26_03-Eric-Lefebvre-1024x682.jpeg\" alt=\"\" class=\"wp-image-25270\" srcset=\"https:\/\/www.thebrokernews.ch\/wp-content\/uploads\/2026\/01\/26_06_26_03-Eric-Lefebvre-1024x682.jpeg 1024w, https:\/\/www.thebrokernews.ch\/wp-content\/uploads\/2026\/01\/26_06_26_03-Eric-Lefebvre-300x200.jpeg 300w, https:\/\/www.thebrokernews.ch\/wp-content\/uploads\/2026\/01\/26_06_26_03-Eric-Lefebvre-768x512.jpeg 768w, https:\/\/www.thebrokernews.ch\/wp-content\/uploads\/2026\/01\/26_06_26_03-Eric-Lefebvre.jpeg 1280w\" sizes=\"auto, (max-width: 1024px) 100vw, 1024px\" \/><\/figure>\n<\/div>\n\n\n\n<div class=\"wp-block-column p-md-5 is-layout-flow wp-block-column-is-layout-flow\">\n<h3 class=\"wp-block-heading\" id=\"jurg-bosshardt\">Eric Lefebvre (chroniqueur)<\/h3>\n\n\n\n<p>Notre chroniqueur est un dirigeant, auteur et consultant disposant d&rsquo;une vaste exp\u00e9rience dans les domaines de l&rsquo;\u00e9conomie, de l&rsquo;assurance et de la gestion. Il combine une formation technique et un MBA en finance pour comprendre comment les entreprises fonctionnent r\u00e9ellement : de leurs m\u00e9canismes sous-jacents et de leurs r\u00e9alit\u00e9s \u00e9conomiques aux comportements humains et aux dynamiques organisationnelles. Il a \u00e9crit plusieurs livres sur l&rsquo;\u00e9conomie, l&rsquo;assurance, la gestion et la psychologie, dans lesquels il combine une pens\u00e9e analytique structur\u00e9e avec un int\u00e9r\u00eat profond pour la prise de d\u00e9cision, le pouvoir et les incitations.  <\/p>\n\n\n\n<p>Parall\u00e8lement \u00e0 ses activit\u00e9s d&rsquo;\u00e9crivain, il soutient les \u00e9quipes de direction en p\u00e9riode de changement et les aide \u00e0 g\u00e9rer la complexit\u00e9, \u00e0 affiner les d\u00e9cisions strat\u00e9giques et \u00e0 orienter leur mise en \u0153uvre vers la cr\u00e9ation de valeur \u00e0 long terme. Son travail se caract\u00e9rise par la clart\u00e9, l&rsquo;honn\u00eatet\u00e9 intellectuelle et une vision syst\u00e9mique des organisations. En dehors de ses activit\u00e9s professionnelles, il s&rsquo;int\u00e9resse beaucoup \u00e0 la litt\u00e9rature, aux id\u00e9es et \u00e0 l&rsquo;impact de la technologie, en particulier l&rsquo;IA, sur les organisations et la soci\u00e9t\u00e9.  <\/p>\n\n\n\n<p>M : <a href=\"mailto:lefeberic@yahoo.com\">lefeberic@yahoo.com<\/a><\/p>\n\n\n\n<p>T : +41 79 719 84 41<\/p>\n<\/div>\n<\/div>\n\n<div class=\"wp-block-columns is-layout-flex wp-container-core-columns-is-layout-28f84493 wp-block-columns-is-layout-flex\">\n<div class=\"wp-block-column is-layout-flow wp-block-column-is-layout-flow\" style=\"flex-basis:100%\">\n<div class=\"wp-block-columns is-layout-flex wp-container-core-columns-is-layout-28f84493 wp-block-columns-is-layout-flex\">\n<div class=\"wp-block-column is-layout-flow wp-block-column-is-layout-flow\">\n<h3 class=\"wp-block-heading\">Am\u00e9lie Beauregard (lectrice)<\/h3>\n\n\n\n<p>Passionn\u00e9e par les \u00e9tudes de linguistique et de litt\u00e9rature, Am\u00e9lie Beauregard s&rsquo;int\u00e9resse au langage et \u00e0 son utilisation. Les questions environnementales lui tiennent \u00e9galement \u00e0 c\u0153ur et elle a pu les approfondir dans le cadre de ses \u00e9tudes de g\u00e9ographie. Pendant son temps libre, elle aime s&rsquo;adonner \u00e0 ses int\u00e9r\u00eats litt\u00e9raires ou se retrouver dans la nature avec son chien, que ce soit pour faire de la randonn\u00e9e, du jogging ou de la d\u00e9tente.    <\/p>\n<\/div>\n\n\n\n<div class=\"wp-block-column is-layout-flow wp-block-column-is-layout-flow\">\n<figure class=\"wp-block-image size-large\"><img loading=\"lazy\" decoding=\"async\" width=\"1024\" height=\"683\" src=\"https:\/\/thebrokernews.ch\/wp-content\/uploads\/2023\/06\/Bewerbungsfoto_gruen2-1024x683.jpg\" alt=\"\" class=\"wp-image-13173\" srcset=\"https:\/\/www.thebrokernews.ch\/wp-content\/uploads\/2023\/06\/Bewerbungsfoto_gruen2-1024x683.jpg 1024w, https:\/\/www.thebrokernews.ch\/wp-content\/uploads\/2023\/06\/Bewerbungsfoto_gruen2-300x200.jpg 300w, https:\/\/www.thebrokernews.ch\/wp-content\/uploads\/2023\/06\/Bewerbungsfoto_gruen2-768x512.jpg 768w, https:\/\/www.thebrokernews.ch\/wp-content\/uploads\/2023\/06\/Bewerbungsfoto_gruen2-1536x1024.jpg 1536w, https:\/\/www.thebrokernews.ch\/wp-content\/uploads\/2023\/06\/Bewerbungsfoto_gruen2-2048x1365.jpg 2048w\" sizes=\"auto, (max-width: 1024px) 100vw, 1024px\" \/><\/figure>\n<\/div>\n<\/div>\n<\/div>\n<\/div>\n\n<div class=\"wp-block-columns is-layout-flex wp-container-core-columns-is-layout-28f84493 wp-block-columns-is-layout-flex\">\n<div class=\"wp-block-column is-layout-flow wp-block-column-is-layout-flow\" style=\"flex-basis:100%\">\n<div class=\"wp-block-columns is-layout-flex wp-container-core-columns-is-layout-28f84493 wp-block-columns-is-layout-flex\">\n<div class=\"wp-block-column is-vertically-aligned-center is-layout-flow wp-block-column-is-layout-flow\">\n<figure class=\"wp-block-image size-large\"><img loading=\"lazy\" decoding=\"async\" width=\"1024\" height=\"768\" src=\"https:\/\/www.thebrokernews.ch\/wp-content\/uploads\/2024\/12\/Sheepy-2-1024x768.jpg\" alt=\"\" class=\"wp-image-16833\" srcset=\"https:\/\/www.thebrokernews.ch\/wp-content\/uploads\/2024\/12\/Sheepy-2-1024x768.jpg 1024w, https:\/\/www.thebrokernews.ch\/wp-content\/uploads\/2024\/12\/Sheepy-2-300x225.jpg 300w, https:\/\/www.thebrokernews.ch\/wp-content\/uploads\/2024\/12\/Sheepy-2-768x576.jpg 768w, https:\/\/www.thebrokernews.ch\/wp-content\/uploads\/2024\/12\/Sheepy-2-1536x1152.jpg 1536w, https:\/\/www.thebrokernews.ch\/wp-content\/uploads\/2024\/12\/Sheepy-2.jpg 2016w\" sizes=\"auto, (max-width: 1024px) 100vw, 1024px\" \/><\/figure>\n<\/div>\n\n\n\n<div class=\"wp-block-column p-md-5 is-layout-flow wp-block-column-is-layout-flow\">\n<h3 class=\"wp-block-heading\" id=\"jurg-bosshardt\">Sheepy (chien de bureau)<\/h3>\n\n\n\n<p>Sheepy, le chien bordercollie, a pour mission importante de veiller \u00e0 ce que l&rsquo;ambiance de travail soit toujours agr\u00e9able. Son \u00e9quilibre a un effet extr\u00eamement positif sur la r\u00e9dactrice en chef. Lorsqu&rsquo;il est l&rsquo;heure de manger et d&rsquo;aller se promener en for\u00eat, il le fait savoir \u00e0 sa ma\u00eetresse qui a tendance \u00e0 oublier l&rsquo;heure pendant le travail.    <\/p>\n<\/div>\n<\/div>\n<\/div>\n<\/div>\n\n<div class=\"wp-block-columns is-layout-flex wp-container-core-columns-is-layout-28f84493 wp-block-columns-is-layout-flex\">\n<div class=\"wp-block-column is-layout-flow wp-block-column-is-layout-flow\"><\/div>\n<\/div>\n","protected":false},"excerpt":{"rendered":"<p>Nous sommes les t\u00eates pensantes derri\u00e8re le magazine en ligne \u00ab\u00a0thebrokernews\u00ab\u00a0. Binci Heeb (R\u00e9dactrice en chef\/\u00e9diteur) Dans la longue carri\u00e8re de journaliste BR de Binci Heeb, on compte des \u00e9tapes [&hellip;]<\/p>\n","protected":false},"author":1,"featured_media":0,"parent":0,"menu_order":0,"comment_status":"closed","ping_status":"closed","template":"","meta":{"_acf_changed":false,"inline_featured_image":false,"_price":"","_stock":"","_tribe_ticket_header":"","_tribe_default_ticket_provider":"","_tribe_ticket_capacity":"0","_ticket_start_date":"","_ticket_end_date":"","_tribe_ticket_show_description":"","_tribe_ticket_show_not_going":false,"_tribe_ticket_use_global_stock":"","_tribe_ticket_global_stock_level":"","_global_stock_mode":"","_global_stock_cap":"","_tribe_rsvp_for_event":"","_tribe_ticket_going_count":"","_tribe_ticket_not_going_count":"","_tribe_tickets_list":"[]","_tribe_ticket_has_attendee_info_fields":false,"footnotes":"","_tec_slr_enabled":"","_tec_slr_layout":""},"class_list":["post-25637","page","type-page","status-publish","hentry"],"acf":[],"ticketed":false,"_links":{"self":[{"href":"https:\/\/www.thebrokernews.ch\/fr\/wp-json\/wp\/v2\/pages\/25637","targetHints":{"allow":["GET"]}}],"collection":[{"href":"https:\/\/www.thebrokernews.ch\/fr\/wp-json\/wp\/v2\/pages"}],"about":[{"href":"https:\/\/www.thebrokernews.ch\/fr\/wp-json\/wp\/v2\/types\/page"}],"author":[{"embeddable":true,"href":"https:\/\/www.thebrokernews.ch\/fr\/wp-json\/wp\/v2\/users\/1"}],"replies":[{"embeddable":true,"href":"https:\/\/www.thebrokernews.ch\/fr\/wp-json\/wp\/v2\/comments?post=25637"}],"version-history":[{"count":1,"href":"https:\/\/www.thebrokernews.ch\/fr\/wp-json\/wp\/v2\/pages\/25637\/revisions"}],"predecessor-version":[{"id":25653,"href":"https:\/\/www.thebrokernews.ch\/fr\/wp-json\/wp\/v2\/pages\/25637\/revisions\/25653"}],"wp:attachment":[{"href":"https:\/\/www.thebrokernews.ch\/fr\/wp-json\/wp\/v2\/media?parent=25637"}],"curies":[{"name":"wp","href":"https:\/\/api.w.org\/{rel}","templated":true}]}}