{"id":25656,"date":"2021-12-23T11:58:19","date_gmt":"2021-12-23T10:58:19","guid":{"rendered":"https:\/\/www.thebrokernews.ch\/mentions-legales\/"},"modified":"2026-01-28T13:27:40","modified_gmt":"2026-01-28T12:27:40","slug":"mentions-legales","status":"publish","type":"page","link":"https:\/\/www.thebrokernews.ch\/fr\/mentions-legales\/","title":{"rendered":"Mentions l\u00e9gales"},"content":{"rendered":"\n<p><strong>Adresse de contact<\/strong><br\/><em>thebrokernews<\/em><br\/>PixTec Informatik GmbH<br\/>Byfangweg 49<br\/>4051 B\u00e2le\/Suisse<br\/>E-mail :<em>kontakt@thebrokenews.ch<\/em><br\/> <br\/><strong>Personne habilit\u00e9e \u00e0 repr\u00e9senter l&rsquo;<\/strong>entreprise<br\/>Mme Binci Heeb<br\/> <br\/><strong>Clause de non-responsabilit\u00e9<\/strong><br\/>L&rsquo;auteur n&rsquo;assume aucune responsabilit\u00e9 quant \u00e0 la v\u00e9racit\u00e9, l&rsquo;exactitude, l&rsquo;actualit\u00e9, la fiabilit\u00e9 et l&rsquo;exhaustivit\u00e9 du contenu des informations. L&rsquo;auteur ne saurait \u00eatre tenu pour responsable des dommages mat\u00e9riels ou immat\u00e9riels qui pourraient \u00eatre caus\u00e9s par l&rsquo;acc\u00e8s aux informations diffus\u00e9es ou par leur utilisation ou non-utilisation, par le mauvais usage de la connexion ou par des probl\u00e8mes techniques. Toutes les offres sont sans engagement. L&rsquo;auteur se r\u00e9serve express\u00e9ment le droit de modifier, de compl\u00e9ter ou de supprimer des parties de pages ou l&rsquo;ensemble de l&rsquo;offre sans pr\u00e9avis particulier, ou d&rsquo;en suspendre temporairement ou d\u00e9finitivement la publication.   <br\/> <br\/><strong>Clause de non-responsabilit\u00e9 pour les liens<\/strong><br\/>Les r\u00e9f\u00e9rences et les liens vers des sites Web de tiers ne rel\u00e8vent pas de notre responsabilit\u00e9. Nous d\u00e9clinons toute responsabilit\u00e9 pour de tels sites web. L&rsquo;acc\u00e8s \u00e0 ces sites et leur utilisation se font aux risques et p\u00e9rils de l&rsquo;utilisateur.  <br\/> <br\/><strong>Droits d&rsquo;auteur<\/strong><br\/>Les droits d&rsquo;auteur et tous les autres droits li\u00e9s aux contenus, images, photos ou autres fichiers figurant sur ce site Internet appartiennent exclusivement \u00e0 la soci\u00e9t\u00e9 thebroker gmbh ou aux titulaires de droits sp\u00e9cialement cit\u00e9s. L&rsquo;autorisation \u00e9crite du d\u00e9tenteur des droits d&rsquo;auteur doit \u00eatre obtenue au pr\u00e9alable pour la reproduction de tout \u00e9l\u00e9ment. <\/p>\n","protected":false},"excerpt":{"rendered":"<p>Adresse de contactthebrokernewsPixTec Informatik GmbHByfangweg 494051 B\u00e2le\/SuisseE-mail :kontakt@thebrokenews.ch Personne habilit\u00e9e \u00e0 repr\u00e9senter l&rsquo;entrepriseMme Binci Heeb Clause de non-responsabilit\u00e9L&rsquo;auteur n&rsquo;assume aucune responsabilit\u00e9 quant \u00e0 la v\u00e9racit\u00e9, l&rsquo;exactitude, l&rsquo;actualit\u00e9, la fiabilit\u00e9 et [&hellip;]<\/p>\n","protected":false},"author":1,"featured_media":0,"parent":0,"menu_order":0,"comment_status":"closed","ping_status":"closed","template":"","meta":{"_acf_changed":false,"inline_featured_image":false,"_price":"","_stock":"","_tribe_ticket_header":"","_tribe_default_ticket_provider":"","_tribe_ticket_capacity":"0","_ticket_start_date":"","_ticket_end_date":"","_tribe_ticket_show_description":"","_tribe_ticket_show_not_going":false,"_tribe_ticket_use_global_stock":"","_tribe_ticket_global_stock_level":"","_global_stock_mode":"","_global_stock_cap":"","_tribe_rsvp_for_event":"","_tribe_ticket_going_count":"","_tribe_ticket_not_going_count":"","_tribe_tickets_list":"[]","_tribe_ticket_has_attendee_info_fields":false,"footnotes":"","_tec_slr_enabled":"","_tec_slr_layout":""},"class_list":["post-25656","page","type-page","status-publish","hentry"],"acf":[],"ticketed":false,"_links":{"self":[{"href":"https:\/\/www.thebrokernews.ch\/fr\/wp-json\/wp\/v2\/pages\/25656","targetHints":{"allow":["GET"]}}],"collection":[{"href":"https:\/\/www.thebrokernews.ch\/fr\/wp-json\/wp\/v2\/pages"}],"about":[{"href":"https:\/\/www.thebrokernews.ch\/fr\/wp-json\/wp\/v2\/types\/page"}],"author":[{"embeddable":true,"href":"https:\/\/www.thebrokernews.ch\/fr\/wp-json\/wp\/v2\/users\/1"}],"replies":[{"embeddable":true,"href":"https:\/\/www.thebrokernews.ch\/fr\/wp-json\/wp\/v2\/comments?post=25656"}],"version-history":[{"count":1,"href":"https:\/\/www.thebrokernews.ch\/fr\/wp-json\/wp\/v2\/pages\/25656\/revisions"}],"predecessor-version":[{"id":25657,"href":"https:\/\/www.thebrokernews.ch\/fr\/wp-json\/wp\/v2\/pages\/25656\/revisions\/25657"}],"wp:attachment":[{"href":"https:\/\/www.thebrokernews.ch\/fr\/wp-json\/wp\/v2\/media?parent=25656"}],"curies":[{"name":"wp","href":"https:\/\/api.w.org\/{rel}","templated":true}]}}